{"id":148,"date":"2012-09-26T20:21:57","date_gmt":"2012-09-26T20:21:57","guid":{"rendered":"http:\/\/www.axelirriger.de\/?page_id=148"},"modified":"2012-09-29T18:16:37","modified_gmt":"2012-09-29T18:16:37","slug":"play-framework","status":"publish","type":"page","link":"https:\/\/www.axelirriger.de\/index.php\/play-framework\/","title":{"rendered":"Play! Framework"},"content":{"rendered":"<div class=\"shariff\" data-title=\"Play! Framework\" data-info-url=\"http:\/\/ct.de\/-2467514\" data-backend-url=\"https:\/\/www.axelirriger.de\/wp-content\/plugins\/shariff-sharing\/backend\/index.php\" data-temp=\"\/tmp\" data-ttl=\"60\" data-service=\"gftr\" data-services='[\"googleplus\",\"facebook\",\"twitter\",\"reddit\",\"info\"]' data-image=\"\" data-url=\"https:\/\/www.axelirriger.de\/index.php\/play-framework\/\" data-lang=\"en\" data-theme=\"colored\" data-orientation=\"horizontal\"><\/div><p>Auf dieser Seite gibt es eine \u00dcbersicht \u00fcber alle Artikel, Pr\u00e4sentationen, etc. die ich zum Thema <a href=\"http:\/\/www.playframework.org\">Play!<\/a> verfasst habe. Viel Spass damit!<\/p>\n<h1>Beispiele<\/h1>\n<p>Play! und <a href=\"http:\/\/akka.io\">Akka<\/a>\u00a0im Duett: F\u00fcr die <a href=\"http:\/\/www.informatik2012.de\">Informatik 2012<\/a> habe ich eine kleine Beispielanwendung erstellt. Die Quellen dazu gibt es bei <a href=\"https:\/\/github.com\/axelirriger\/Informatik2012\">GitHub<\/a>. Bei Fragen, einfach fragen!<\/p>\n<h1>Pr\u00e4sentationen und Vortr\u00e4ge<\/h1>\n<p><a href=\"http:\/\/www.informatik2012.de\">Informatik 2012<\/a>: <a title=\"Elastische Skalierbarkeit f\u00fcr Web-Anwendungen\" href=\"http:\/\/www.axelirriger.de\/2012\/09\/29\/elastische-skalierbarkeit-fur-web-anwendungen\/\">Elastische Skalierbarkeit f\u00fcr Web-Anwendungen<\/a>.<\/p>\n<p>F\u00fcr diejenigen, die etwas mehr Einf\u00fchrung in das Aktoren-Modell suchen, habe ich <a title=\"Nebenl\u00e4ufigkeit heute: Aktoren\" href=\"http:\/\/www.axelirriger.de\/2012\/09\/29\/nebenlaufigkeit-heute-aktoren\/\">hier<\/a> etwas ver\u00f6ffentlicht.<\/p>\n","protected":false},"excerpt":{"rendered":"<p>Auf dieser Seite gibt es eine \u00dcbersicht \u00fcber alle Artikel, Pr\u00e4sentationen, etc. die ich zum Thema Play! verfasst habe. Viel Spass damit! Beispiele Play! und Akka\u00a0im Duett: F\u00fcr die Informatik 2012 habe ich eine kleine Beispielanwendung erstellt. Die Quellen dazu gibt es bei GitHub. Bei Fragen, einfach fragen! Pr\u00e4sentationen und Vortr\u00e4ge Informatik 2012: Elastische Skalierbarkeit &hellip; <\/p>\n<p class=\"link-more\"><a href=\"https:\/\/www.axelirriger.de\/index.php\/play-framework\/\" class=\"more-link\"><span class=\"screen-reader-text\">\u201ePlay! Framework\u201c <\/span>weiterlesen<\/a><\/p>\n","protected":false},"author":1,"featured_media":0,"parent":0,"menu_order":0,"comment_status":"open","ping_status":"open","template":"","meta":{"ngg_post_thumbnail":0,"footnotes":""},"class_list":["post-148","page","type-page","status-publish","hentry"],"_links":{"self":[{"href":"https:\/\/www.axelirriger.de\/index.php\/wp-json\/wp\/v2\/pages\/148","targetHints":{"allow":["GET"]}}],"collection":[{"href":"https:\/\/www.axelirriger.de\/index.php\/wp-json\/wp\/v2\/pages"}],"about":[{"href":"https:\/\/www.axelirriger.de\/index.php\/wp-json\/wp\/v2\/types\/page"}],"author":[{"embeddable":true,"href":"https:\/\/www.axelirriger.de\/index.php\/wp-json\/wp\/v2\/users\/1"}],"replies":[{"embeddable":true,"href":"https:\/\/www.axelirriger.de\/index.php\/wp-json\/wp\/v2\/comments?post=148"}],"version-history":[{"count":4,"href":"https:\/\/www.axelirriger.de\/index.php\/wp-json\/wp\/v2\/pages\/148\/revisions"}],"predecessor-version":[{"id":192,"href":"https:\/\/www.axelirriger.de\/index.php\/wp-json\/wp\/v2\/pages\/148\/revisions\/192"}],"wp:attachment":[{"href":"https:\/\/www.axelirriger.de\/index.php\/wp-json\/wp\/v2\/media?parent=148"}],"curies":[{"name":"wp","href":"https:\/\/api.w.org\/{rel}","templated":true}]}}