{"id":190,"date":"2012-09-29T18:15:51","date_gmt":"2012-09-29T18:15:51","guid":{"rendered":"http:\/\/www.axelirriger.de\/?page_id=190"},"modified":"2012-10-07T18:56:03","modified_gmt":"2012-10-07T18:56:03","slug":"nebenlaufigkeit","status":"publish","type":"page","link":"https:\/\/www.axelirriger.de\/index.php\/nebenlaufigkeit\/","title":{"rendered":"Nebenl\u00e4ufigkeit"},"content":{"rendered":"<div class=\"shariff\" data-title=\"Nebenl\u00e4ufigkeit\" data-info-url=\"http:\/\/ct.de\/-2467514\" data-backend-url=\"https:\/\/www.axelirriger.de\/wp-content\/plugins\/shariff-sharing\/backend\/index.php\" data-temp=\"\/tmp\" data-ttl=\"60\" data-service=\"gftr\" data-services='[\"googleplus\",\"facebook\",\"twitter\",\"reddit\",\"info\"]' data-image=\"\" data-url=\"https:\/\/www.axelirriger.de\/index.php\/nebenlaufigkeit\/\" data-lang=\"en\" data-theme=\"colored\" data-orientation=\"horizontal\"><\/div><p>Die Entwicklung von nebenl\u00e4ufigen Anwendungen ist nicht ganz einfach und wird durch heutige Anforderungen (&#8222;big data&#8220;, &#8222;cloud computing&#8220;) nicht einfacher. Daher ist es Zeit f\u00fcr einen \u00dcberblick \u00fcber aktuelle Entwicklungen und M\u00f6glichkeiten f\u00fcr das skalierbare Anwendungen.<\/p>\n<h1>Beitr\u00e4ge<\/h1>\n<p>Folgende Beitr\u00e4ge gibt es auf diesem Blog dazu:<\/p>\n<ul>\n<li><a title=\"Nebenl\u00e4ufigkeit heute: Eine \u00dcbersicht\" href=\"http:\/\/www.axelirriger.de\/2012\/09\/29\/nebenlufigkeit-heute-eine-bersicht\/\">\u00dcbersicht \u00fcber aktuelle Herausforderungen angesichts von Multi-Core CPUs, etc.<\/a><\/li>\n<li><a title=\"Play! Framework\" href=\"http:\/\/www.axelirriger.de\/play-framework\/\">\u00dcbersicht \u00fcber das Play! Framework<\/a><\/li>\n<li><a title=\"Nebenl\u00e4ufigkeit heute: Aktoren\" href=\"http:\/\/www.axelirriger.de\/2012\/09\/29\/nebenlaufigkeit-heute-aktoren\/\">Eine (kurze) Einf\u00fchrung in das Aktoren-Modell<\/a><\/li>\n<\/ul>\n<p>Alle weiteren Beitr\u00e4ge werden an dieser Stelle hinzugef\u00fcgt.<\/p>\n","protected":false},"excerpt":{"rendered":"<p>Die Entwicklung von nebenl\u00e4ufigen Anwendungen ist nicht ganz einfach und wird durch heutige Anforderungen (&#8222;big data&#8220;, &#8222;cloud computing&#8220;) nicht einfacher. Daher ist es Zeit f\u00fcr einen \u00dcberblick \u00fcber aktuelle Entwicklungen und M\u00f6glichkeiten f\u00fcr das skalierbare Anwendungen. Beitr\u00e4ge Folgende Beitr\u00e4ge gibt es auf diesem Blog dazu: \u00dcbersicht \u00fcber aktuelle Herausforderungen angesichts von Multi-Core CPUs, etc. \u00dcbersicht &hellip; <\/p>\n<p class=\"link-more\"><a href=\"https:\/\/www.axelirriger.de\/index.php\/nebenlaufigkeit\/\" class=\"more-link\"><span class=\"screen-reader-text\">\u201eNebenl\u00e4ufigkeit\u201c <\/span>weiterlesen<\/a><\/p>\n","protected":false},"author":1,"featured_media":0,"parent":0,"menu_order":0,"comment_status":"open","ping_status":"open","template":"","meta":{"ngg_post_thumbnail":0,"footnotes":""},"class_list":["post-190","page","type-page","status-publish","hentry"],"_links":{"self":[{"href":"https:\/\/www.axelirriger.de\/index.php\/wp-json\/wp\/v2\/pages\/190","targetHints":{"allow":["GET"]}}],"collection":[{"href":"https:\/\/www.axelirriger.de\/index.php\/wp-json\/wp\/v2\/pages"}],"about":[{"href":"https:\/\/www.axelirriger.de\/index.php\/wp-json\/wp\/v2\/types\/page"}],"author":[{"embeddable":true,"href":"https:\/\/www.axelirriger.de\/index.php\/wp-json\/wp\/v2\/users\/1"}],"replies":[{"embeddable":true,"href":"https:\/\/www.axelirriger.de\/index.php\/wp-json\/wp\/v2\/comments?post=190"}],"version-history":[{"count":2,"href":"https:\/\/www.axelirriger.de\/index.php\/wp-json\/wp\/v2\/pages\/190\/revisions"}],"predecessor-version":[{"id":200,"href":"https:\/\/www.axelirriger.de\/index.php\/wp-json\/wp\/v2\/pages\/190\/revisions\/200"}],"wp:attachment":[{"href":"https:\/\/www.axelirriger.de\/index.php\/wp-json\/wp\/v2\/media?parent=190"}],"curies":[{"name":"wp","href":"https:\/\/api.w.org\/{rel}","templated":true}]}}